{"id":12145,"date":"2024-04-25T12:49:12","date_gmt":"2024-04-25T12:49:12","guid":{"rendered":"https:\/\/www.nenasal.com\/terms-and-conditions\/"},"modified":"2024-12-30T13:28:29","modified_gmt":"2024-12-30T13:28:29","slug":"terms-and-conditions","status":"publish","type":"page","link":"https:\/\/www.nenasal.com\/sr\/terms-and-conditions\/","title":{"rendered":"Odredbe i uslovi"},"content":{"rendered":"\t\t<div data-elementor-type=\"wp-page\" data-elementor-id=\"12145\" class=\"elementor elementor-12145 elementor-5381\" data-elementor-settings=\"{&quot;element_pack_global_tooltip_width&quot;:{&quot;unit&quot;:&quot;px&quot;,&quot;size&quot;:&quot;&quot;,&quot;sizes&quot;:[]},&quot;element_pack_global_tooltip_width_laptop&quot;:{&quot;unit&quot;:&quot;px&quot;,&quot;size&quot;:&quot;&quot;,&quot;sizes&quot;:[]},&quot;element_pack_global_tooltip_width_tablet&quot;:{&quot;unit&quot;:&quot;px&quot;,&quot;size&quot;:&quot;&quot;,&quot;sizes&quot;:[]},&quot;element_pack_global_tooltip_width_mobile&quot;:{&quot;unit&quot;:&quot;px&quot;,&quot;size&quot;:&quot;&quot;,&quot;sizes&quot;:[]},&quot;element_pack_global_tooltip_padding&quot;:{&quot;unit&quot;:&quot;px&quot;,&quot;top&quot;:&quot;&quot;,&quot;right&quot;:&quot;&quot;,&quot;bottom&quot;:&quot;&quot;,&quot;left&quot;:&quot;&quot;,&quot;isLinked&quot;:true},&quot;element_pack_global_tooltip_padding_laptop&quot;:{&quot;unit&quot;:&quot;px&quot;,&quot;top&quot;:&quot;&quot;,&quot;right&quot;:&quot;&quot;,&quot;bottom&quot;:&quot;&quot;,&quot;left&quot;:&quot;&quot;,&quot;isLinked&quot;:true},&quot;element_pack_global_tooltip_padding_tablet&quot;:{&quot;unit&quot;:&quot;px&quot;,&quot;top&quot;:&quot;&quot;,&quot;right&quot;:&quot;&quot;,&quot;bottom&quot;:&quot;&quot;,&quot;left&quot;:&quot;&quot;,&quot;isLinked&quot;:true},&quot;element_pack_global_tooltip_padding_mobile&quot;:{&quot;unit&quot;:&quot;px&quot;,&quot;top&quot;:&quot;&quot;,&quot;right&quot;:&quot;&quot;,&quot;bottom&quot;:&quot;&quot;,&quot;left&quot;:&quot;&quot;,&quot;isLinked&quot;:true},&quot;element_pack_global_tooltip_border_radius&quot;:{&quot;unit&quot;:&quot;px&quot;,&quot;top&quot;:&quot;&quot;,&quot;right&quot;:&quot;&quot;,&quot;bottom&quot;:&quot;&quot;,&quot;left&quot;:&quot;&quot;,&quot;isLinked&quot;:true},&quot;element_pack_global_tooltip_border_radius_laptop&quot;:{&quot;unit&quot;:&quot;px&quot;,&quot;top&quot;:&quot;&quot;,&quot;right&quot;:&quot;&quot;,&quot;bottom&quot;:&quot;&quot;,&quot;left&quot;:&quot;&quot;,&quot;isLinked&quot;:true},&quot;element_pack_global_tooltip_border_radius_tablet&quot;:{&quot;unit&quot;:&quot;px&quot;,&quot;top&quot;:&quot;&quot;,&quot;right&quot;:&quot;&quot;,&quot;bottom&quot;:&quot;&quot;,&quot;left&quot;:&quot;&quot;,&quot;isLinked&quot;:true},&quot;element_pack_global_tooltip_border_radius_mobile&quot;:{&quot;unit&quot;:&quot;px&quot;,&quot;top&quot;:&quot;&quot;,&quot;right&quot;:&quot;&quot;,&quot;bottom&quot;:&quot;&quot;,&quot;left&quot;:&quot;&quot;,&quot;isLinked&quot;:true}}\" data-elementor-post-type=\"page\">\n\t\t\t\t<div class=\"elementor-element elementor-element-63476e5 e-flex e-con-boxed e-con e-parent\" data-id=\"63476e5\" data-element_type=\"container\" data-e-type=\"container\" data-settings=\"{&quot;background_background&quot;:&quot;gradient&quot;}\">\n\t\t\t\t\t<div class=\"e-con-inner\">\n\t\t<div class=\"elementor-element elementor-element-8066823 e-flex e-con-boxed e-con e-child\" data-id=\"8066823\" data-element_type=\"container\" data-e-type=\"container\">\n\t\t\t\t\t<div class=\"e-con-inner\">\n\t\t\t\t<div class=\"elementor-element elementor-element-e6e7ca0 elementor-headline--style-rotate elementor-widget-tablet__width-inherit animated-title elementor-widget elementor-widget-animated-headline\" data-id=\"e6e7ca0\" data-element_type=\"widget\" data-e-type=\"widget\" data-settings=\"{&quot;headline_style&quot;:&quot;rotate&quot;,&quot;animation_type&quot;:&quot;slide-down&quot;,&quot;rotate_iteration_delay&quot;:1500,&quot;loop&quot;:&quot;yes&quot;}\" data-widget_type=\"animated-headline.default\">\n\t\t\t\t\t\t\t<h1 class=\"elementor-headline elementor-headline-animation-type-slide-down\">\n\t\t\t\t<span class=\"elementor-headline-dynamic-wrapper elementor-headline-text-wrapper\">\n\t\t\t\t<\/span>\n\t\t\t\t<\/h1>\n\t\t\t\t\t\t<\/div>\n\t\t\t\t\t<\/div>\n\t\t\t\t<\/div>\n\t\t\t\t<div class=\"elementor-element elementor-element-a8ea359 elementor-widget__width-initial elementor-absolute elementor-widget elementor-widget-html\" data-id=\"a8ea359\" data-element_type=\"widget\" data-e-type=\"widget\" data-settings=\"{&quot;_position&quot;:&quot;absolute&quot;}\" data-widget_type=\"html.default\">\n\t\t\t\t\t<div class=\"nenasal-circle-animation small white\">\n    <div class=\"nenasal-circle-animation-outline first\"><\/div>\n    <div class=\"nenasal-circle-animation-outline second\"><\/div>\n    <div class=\"nenasal-circle-animation-outline third\"><\/div>\n<\/div>\t\t\t\t<\/div>\n\t\t\t\t\t<\/div>\n\t\t\t\t<\/div>\n\t\t<div class=\"elementor-element elementor-element-5a8231ff e-flex e-con-boxed e-con e-parent\" data-id=\"5a8231ff\" data-element_type=\"container\" data-e-type=\"container\">\n\t\t\t\t\t<div class=\"e-con-inner\">\n\t\t\t\t<div class=\"elementor-element elementor-element-3482d295 elementor-widget elementor-widget-shortcode\" data-id=\"3482d295\" data-element_type=\"widget\" data-e-type=\"widget\" data-widget_type=\"shortcode.default\">\n\t\t\t\t\t\t\t<div class=\"elementor-shortcode\">\n<!-- This legal document was generated by Complianz Terms &amp; Conditions https:\/\/wordpress.org\/plugins\/complianz-terms-conditions -->\n<div id=\"cmplz-document\" class=\"cmplz-document cmplz-terms-conditions \"><p><i>Uslovi i odredbe su poslednji put a\u017eurirani Mart 31, 2025<\/i><\/p><h2>1. Uvod<\/h2><p>Ovi Uslovi i odredbe se primenjuju na ovu veb stranicu i na transakcije u vezi sa na\u0161im proizvodima i uslugama.&nbsp;Mo\u017eda c\u0301ete biti vezani dodatnim ugovorima koji se odnose na va\u0161 odnos sa nama ili bilo koje proizvode ili usluge koje dobijate od nas.&nbsp;Ako su bilo koje odredbe dodatnih ugovora u suprotnosti sa bilo kojim odredbama ovih Uslova, odredbe ovih dodatnih ugovora c\u0301e kontrolisati i imati prednost.<\/p><h2>2. Vezivanje<\/h2><p>Registrovanjem na ovoj veb stranici, pristupom ili kori\u0161c\u0301enjem na drugi na\u010din, saglasni ste da c\u0301ete biti obavezani ovim Uslovima i odredbama navedenim u nastavku.&nbsp;Samo kori\u0161c\u0301enje ove veb stranice podrazumeva poznavanje i prihvatanje ovih Uslova.&nbsp;U nekim posebnim slu\u010dajevima, tako\u0111e mo\u017eemo tra\u017eiti od vas da se izri\u010dito slo\u017eite.<\/p><h2>3. Elektronska komunikacija<\/h2><p>Kori\u0161c\u0301enjem ove veb stranice ili komunikacijom sa nama elektronskim putem, saglasni ste i potvr\u0111ujete da mo\u017eemo da komuniciramo sa vama elektronskim putem na na\u0161oj veb stranici ili slanjem e-po\u0161te vama, i saglasni ste da svi ugovori, obave\u0161tenja, otkrivanja i druga komunikacija koju mi obezbediti da elektronskim putem ispunite sve zakonske zahteve, uklju\u010dujuc\u0301i ali ne ograni\u010davajuc\u0301i se na zahtev da takva komunikacija treba da bude u pisanoj formi.<\/p><h2>4. Intelektualna svojina<\/h2><p>Mi ili na\u0161i davaoci licenci posedujemo i kontroli\u0161emo sva autorska prava i druga prava intelektualne svojine na veb lokaciji i podatke, informacije i druge resurse prikazane ili dostupne na veb lokaciji.<\/p><p class=\"cmplz-subtitle\">4.1 Sva prava su zadr\u017eana<\/p><p>Osim ako odre\u0111eni sadr\u017eaj ne nala\u017ee druga\u010dije, ne dobijate licencu ili bilo koje drugo pravo prema autorskim pravima, \u017eigovima, patentima ili drugim pravima intelektualne svojine.&nbsp;To zna\u010di da nec\u0301ete koristiti, kopirati, reprodukovati, izvoditi, prikazivati, distribuirati, ugra\u0111ivati u bilo koji elektronski medij, menjati, obrnuti in\u017eenjering, dekompilirati, prenositi, preuzimati, prenositi, monetizovati, prodavati, plasirati ili komercijalizovati bilo koje resurse na ovoj veb stranici u bilo kom obliku, bez na\u0161e prethodne pismene dozvole, osim i samo u meri u kojoj je druga\u010dije propisano propisima obaveznog zakona (kao \u0161to je pravo na citiranje).<\/p><h2>5. Bilten<\/h2><p>Bez obzira na gorenavedeno, mo\u017eete proslediti na\u0161 bilten u elektronskoj formi drugima koji bi mogli biti zainteresovani da posete na\u0161u veb stranicu.<\/p><h2>6. Imovina trec\u0301e strane<\/h2><p>Na\u0161a veb lokacija mo\u017ee da sadr\u017ei hiperveze ili druge reference na veb stranice drugih strana.&nbsp;Ne pratimo niti pregledavamo sadr\u017eaj veb lokacija drugih strana na koje su povezane veze sa ove veb stranice.&nbsp;Proizvodi ili usluge koje nude drugi veb-sajtovi podle\u017eu va\u017eec\u0301im Uslovima i odredbama tih trec\u0301ih strana.&nbsp;Mi\u0161ljenja izra\u017eena ili materijali koji se pojavljuju na tim veb stranicama ne moraju nu\u017eno biti podeljeni ili podr\u017eani od nas.<\/p><p>Nec\u0301emo biti odgovorni za bilo kakvu praksu privatnosti ili sadr\u017eaj ovih sajtova.&nbsp;Vi snosite sve rizike povezane sa kori\u0161c\u0301enjem ovih veb stranica i svih povezanih usluga trec\u0301ih strana.&nbsp;Nec\u0301emo prihvatiti nikakvu odgovornost za bilo kakav gubitak ili \u0161tetu na bilo koji na\u010din, bez obzira na to koja je nastala, kao rezultat va\u0161eg otkrivanja li\u010dnih podataka trec\u0301im licima.\n<\/p><h2>7. Odgovorno kori\u0161c\u0301enje<\/h2><p>Posetom na\u0161eg veb-sajta, saglasni ste da ga koristite samo u svrhe predvi\u0111ene i dozvoljene ovim Uslovima, svim dodatnim ugovorima sa nama i va\u017eec\u0301im zakonima, propisima i op\u0161teprihvac\u0301enim onlajn praksama i smernicama industrije.&nbsp;Ne smete da koristite na\u0161u veb stranicu ili usluge da biste koristili, objavljivali ili distribuirali bilo koji materijal koji se sastoji od (ili je povezan sa) zlonamernim ra\u010dunarskim softverom; koristiti podatke prikupljene sa na\u0161e veb stranice za bilo koju direktnu marketin\u0161ku aktivnost ili sprovoditi bilo koje sistematsko ili automatizovano prikupljanje podataka na na\u0161oj veb stranici ili u vezi sa njom.<\/p><p>Strogo je zabranjeno anga\u017eovanje u bilo kojoj aktivnosti koja uzrokuje ili mo\u017ee prouzrokovati \u0161tetu na veb lokaciji ili koja ometa rad, dostupnost ili dostupnost veb stranice.<\/p><h2>8. Podno\u0161enje ideje<\/h2><p>Nemojte slati ideje, pronalaske, autorska dela ili druge informacije koje se mogu smatrati va\u0161im sopstvenim intelektualnim vlasni\u0161tvom koje biste \u017eeleli da nam predstavite osim ako prethodno nismo potpisali ugovor u vezi sa intelektualnom svojinom ili ugovor o neotkrivanju podataka.&nbsp;Ako nam to otkrijete bez takvog pismenog sporazuma, dajete nam svetsku, neopozivu, neekskluzivnu, besplatnu licencu za kori\u0161c\u0301enje, reprodukciju, skladi\u0161tenje, prilago\u0111avanje, objavljivanje, prevod i distribuciju va\u0161eg sadr\u017eaja u bilo kom postojec\u0301em ili buduc\u0301em mediju .<\/p><h2>9. Prestanak kori\u0161c\u0301enja<\/h2><p>Mo\u017eemo, po sopstvenom naho\u0111enju, u bilo kom trenutku da izmenimo ili obustavimo pristup, privremeno ili trajno, veb stranici ili bilo kojoj usluzi na njoj.&nbsp;Saglasni ste da nec\u0301emo biti odgovorni prema vama ili bilo kojoj trec\u0301oj strani za bilo kakvu takvu modifikaciju, suspenziju ili prekid va\u0161eg pristupa ili kori\u0161c\u0301enja veb-sajta ili bilo kog sadr\u017eaja koji ste mo\u017eda podelili na veb-sajtu.&nbsp;Nec\u0301ete imati pravo na bilo kakvu kompenzaciju ili drugu isplatu, \u010dak i ako su odre\u0111ene funkcije, pode\u0161avanja i\/ili bilo koji Sadr\u017eaj koji ste doprineli ili na koji ste se oslanjali trajno izgubljeni.&nbsp;Ne smete da zaobi\u0111ete ili zaobi\u0111ete, niti da poku\u0161ate da zaobi\u0111ete ili zaobi\u0111ete bilo koje mere ograni\u010denja pristupa na na\u0161oj veb stranici.<\/p><h2>10. Garancije i odgovornost<\/h2><p>Ni\u0161ta u ovom odeljku nec\u0301e ograni\u010diti ili isklju\u010diti bilo koju garanciju koja je implicirana zakonom da bi bilo nezakonito ograni\u010diti ili isklju\u010diti.&nbsp;Ova veb lokacija i sav sadr\u017eaj na veb lokaciji se pru\u017eaju na osnovu \u201ekao \u0161to jeste\u201c i \u201ekako je dostupno\u201c i mogu uklju\u010divati neta\u010dnosti ili \u0161tamparske gre\u0161ke.&nbsp;Izri\u010dito se odri\u010demo svih garancija bilo koje vrste, bilo izri\u010dite ili implicirane, u pogledu dostupnosti, ta\u010dnosti ili potpunosti Sadr\u017eaja.&nbsp;Ne garantujemo da:<\/p><p><ul>\n                    <li>ova veb stranica ili na\u0161 sadr\u017eaj c\u0301e zadovoljiti va\u0161e zahteve;<\/li>\n                    <li>ova veb lokacija c\u0301e biti dostupna neprekidno, blagovremeno, bezbedno ili bez gre\u0161aka.<\/li>\n        <\/ul><\/p><p>Ni\u0161ta na ovoj veb stranici ne predstavlja niti treba da predstavlja pravni, finansijski ili medicinski savet bilo koje vrste.&nbsp;Ako vam je potreban savet, obratite se odgovarajuc\u0301em stru\u010dnjaku.<\/p><p>Sledec\u0301e odredbe ovog odeljka c\u0301e se primenjivati u maksimalnoj meri dozvoljenoj va\u017eec\u0301im zakonom i nec\u0301e ograni\u010diti ili isklju\u010diti na\u0161u odgovornost u vezi sa bilo kojim pitanjem za koje bi bilo protivzakonito ili nezakonito da ograni\u010dimo ili isklju\u010dimo na\u0161u odgovornost.&nbsp;Ni u kom slu\u010daju nec\u0301emo biti odgovorni za bilo kakvu direktnu ili indirektnu \u0161tetu (uklju\u010dujuc\u0301i bilo kakvu \u0161tetu zbog gubitka profita ili prihoda, gubitak ili o\u0161tec\u0301enje podataka, softvera ili baze podataka, ili gubitak ili \u0161tetu imovini ili podacima) koju ste vi ili bilo koja trec\u0301a pretrpeli strana, koji proizilaze iz va\u0161eg pristupa na\u0161oj veb stranici ili njenog kori\u0161c\u0301enja.<\/p><p>Osim u meri u kojoj je u bilo kom dodatnom ugovoru izri\u010dito druga\u010dije navedeno, na\u0161a maksimalna odgovornost prema vama za svu \u0161tetu nastalu ili u vezi sa veb sajtom ili bilo kojim proizvodima i uslugama koje se prodaju ili prodaju preko veb stranice, bez obzira na oblik pravnog postupka koji namec\u0301e odgovornost ( bilo u ugovoru, pravi\u010dnosti, nemaru, nameravanom pona\u0161anju, deliktu ili na neki drugi na\u010din) bic\u0301e ograni\u010den na ukupnu cenu koju ste nam platili za kupovinu takvih proizvoda ili usluga ili kori\u0161c\u0301enje veb stranice.&nbsp;Takvo ograni\u010denje c\u0301e se primenjivati u celini na sve va\u0161e zahteve, radnje i uzroke tu\u017ebe svake vrste i prirode.<\/p><h2>11. Privatnost<\/h2><p>Da biste pristupili na\u0161oj veb stranici i\/ili uslugama, mo\u017eda c\u0301ete morati da navedete odre\u0111ene informacije o sebi kao deo procesa registracije.&nbsp;Saglasni ste da c\u0301e sve informacije koje pru\u017eite uvek biti ta\u010dne, ta\u010dne i a\u017eurne.<\/p><p>Razvili smo politiku za re\u0161avanje bilo kakvih problema vezanih za privatnost.&nbsp;Za vi\u0161e informacija pogledajte na\u0161u <a href=\"https:\/\/www.nenasal.com\/privacy-statement-eu\/?cmplz_region_redirect=true\">Izjavu o privatnosti<\/a> i na\u0161u <a href=\"https:\/\/www.nenasal.com\/cookie-policy-eu\/?cmplz_region_redirect=true\">Politika o kola\u010dic\u0301ima<\/a>.<\/p><h2>12. Ograni\u010denja izvoza \/ Zakonska uskla\u0111enost<\/h2><p>Pristup veb stranici sa teritorija ili zemalja u kojima je sadr\u017eaj ili kupovina proizvoda ili usluga koji se prodaju na veb stranici zabranjeni su nezakoniti.&nbsp;Ne smete da koristite ovu veb lokaciju kr\u0161ec\u0301i izvozne zakone i propise Bosnia And Herzegovina.<\/p><h2>13. Dodeljivanje<\/h2><p>Ne mo\u017eete ustupiti, preneti ili podugovarati bilo koje od svojih prava i\/ili obaveza prema ovim Uslovima i odredbama, u celini ili delimi\u010dno, bilo kojoj trec\u0301oj strani bez na\u0161eg prethodnog pismenog pristanka.&nbsp;Svaki navodni zadatak kojim se kr\u0161i ovaj odeljak bic\u0301e ni\u0161tavan.<\/p><h2>14. Kr\u0161enja ovih Uslova<\/h2><p>Ne dovodec\u0301i u pitanje na\u0161a druga prava prema ovim Uslovima i odredbama, ako na bilo koji na\u010din prekr\u0161ite ove Odredbe i uslove, mo\u017eemo preduzeti mere koje smatramo prikladnim za re\u0161avanje kr\u0161enja, uklju\u010dujuc\u0301i privremenu ili trajnu suspenziju va\u0161eg pristupa veb stranici, kontaktiranje va\u0161eg provajdera internet usluga da zatra\u017eite da vam blokiraju pristup veb lokaciji i\/ili da pokrene pravni postupak protiv vas.<\/p><h2>15. Vi\u0161a sila<\/h2><p>Osim obaveza plac\u0301anja novca prema ovom ugovoru, nikakvo ka\u0161njenje, propust ili propust bilo koje strane da izvr\u0161i ili ispo\u0161tuje bilo koju od svojih obaveza iz ovog Ugovora nec\u0301e se smatrati kr\u0161enjem ovih Odredbi i uslova ako i sve dok takvo ka\u0161njenje, neuspjeh ili propust nastaje iz bilo kog razloga van razumne kontrole te strane.<\/p><h2>16. Obe\u0161tec\u0301enje<\/h2><p>Saglasni ste da c\u0301ete obe\u0161tetiti, braniti i dr\u017eati nas bezopasnim, od i protiv svih potra\u017eivanja, obaveza, \u0161teta, gubitaka i tro\u0161kova, koji se odnose na va\u0161e kr\u0161enje ovih Uslova i va\u017eec\u0301ih zakona, uklju\u010dujuc\u0301i prava intelektualne svojine i prava na privatnost.&nbsp;Odmah c\u0301ete nam nadoknaditi na\u0161u \u0161tetu, gubitke, tro\u0161kove i izdatke koji se odnose na ili proizilaze iz takvih potra\u017eivanja.<\/p><h2>17. Odricanje<\/h2><p>Propust da se sprovede bilo koja od odredbi navedenih u ovim odredbama i uslovima i bilo kom Ugovoru, ili neiskori\u0161c\u0301enje bilo koje opcije za raskid, nec\u0301e se tuma\u010diti kao odricanje od takvih odredbi i nec\u0301e uticati na valjanost ovih odredbi i uslova ili bilo kog Ugovor ili bilo koji njegov deo, ili pravo nakon toga da se sprovede svaka odredba.<\/p><h2>18. Jezik<\/h2><p>Ovi uslovi i odredbe c\u0301e se tuma\u010diti i tuma\u010diti isklju\u010divo u English, German and  Serbian.&nbsp;Sva obave\u0161tenja i prepiska bic\u0301e pisani isklju\u010divo na tom jeziku.<\/p><h2>19. \u010citav sporazum<\/h2><p>Ovi Uslovi i odredbe, zajedno sa na\u0161om <a href=\"https:\/\/www.nenasal.com\/privacy-statement-eu\/?cmplz_region_redirect=true\"> izjavom o privatnosti<\/a> i <a href=\"https:\/\/www.nenasal.com\/cookie-policy-eu\/?cmplz_region_redirect=true\"> politikom kola\u010dic\u0301a<\/a>, \u010dine ceo ugovor izme\u0111u vas i NENASAL D.O.O u vezi sa va\u0161im kori\u0161c\u0301enjem ove veb stranice.<\/p><h2>20. A\u017euriranje ovih Uslova<\/h2><p>Mo\u017eemo s vremena na vreme a\u017eurirati ove Uslove i odredbe.&nbsp;Va\u0161a je obaveza da povremeno proveravate ove Uslove i odredbe za promene ili a\u017euriranja.&nbsp;Datum naveden na po\u010detku ovih Odredbi i uslova je poslednji datum revizije.&nbsp;Promene ovih Uslova i Odredbi c\u0301e stupiti na snagu nakon \u0161to takve promene budu objavljene na ovoj veb stranici.&nbsp;Va\u0161e dalje kori\u0161c\u0301enje ove veb stranice nakon objavljivanja izmena ili a\u017euriranja smatrac\u0301e se obave\u0161tenjem o va\u0161em prihvatanju da se pridr\u017eavate ovih Odredbi i uslova.<\/p><h2>21. Izbor zakona i nadle\u017enosti\n<\/h2><p>Ovi uslovi i odredbe c\u0301e biti regulisani zakonima Bosnia And Herzegovina.&nbsp;Svi sporovi u vezi sa ovim Uslovima i odredbama bic\u0301e predmet nadle\u017enosti sudova Bosnia And Herzegovina.&nbsp;Ako sud ili drugi organ utvrdi da je bilo koji deo ili odredba ovih Uslova i odredbi neva\u017eec\u0301im i\/ili neprimenljivim prema va\u017eec\u0301em zakonu, takav deo ili odredba c\u0301e biti izmenjeni, obrisani i\/ili primenjeni u maksimalno dozvoljenom obimu kako bi se daju na snagu svrhu ovih Uslova i odredbi.&nbsp;Ostale odredbe nec\u0301e biti pogo\u0111ene.<\/p><h2>22. Kontakt informacije<\/h2><p>Ova veb lokacija je u vlasni\u0161tvu i pod upravom NENASAL D.O.O.<\/p><p>Mo\u017eete nas kontaktirati u vezi sa ovim Uslovima i odredbama tako \u0161to c\u0301ete nam pisati ili poslati e-po\u0161tu na sledec\u0301u adresu: &#111;&#102;fi&#099;&#101;&#064;&#110;e&#110;a&#115;&#097;l.&#099;&#111;&#109;<br>Vidovdanska 7, 78400 Gradi\u0161ka<\/p><h2>23. Preuzimanje<\/h2><p>Tako\u0111e mo\u017eete <a href=\"https:\/\/www.nenasal.com\/wp-content\/plugins\/complianz-terms-conditions\/download.php\">preuzeti<\/a> na\u0161e Uslove i odredbe kao PDF.<\/p><\/div><\/div>\n\t\t\t\t\t\t<\/div>\n\t\t\t\t\t<\/div>\n\t\t\t\t<\/div>\n\t\t\t\t<\/div>\n\t\t","protected":false},"excerpt":{"rendered":"","protected":false},"author":1,"featured_media":0,"parent":0,"menu_order":0,"comment_status":"closed","ping_status":"closed","template":"","meta":{"_acf_changed":false,"content-type":"","footnotes":""},"class_list":["post-12145","page","type-page","status-publish","hentry"],"acf":[],"_links":{"self":[{"href":"https:\/\/www.nenasal.com\/sr\/wp-json\/wp\/v2\/pages\/12145","targetHints":{"allow":["GET"]}}],"collection":[{"href":"https:\/\/www.nenasal.com\/sr\/wp-json\/wp\/v2\/pages"}],"about":[{"href":"https:\/\/www.nenasal.com\/sr\/wp-json\/wp\/v2\/types\/page"}],"author":[{"embeddable":true,"href":"https:\/\/www.nenasal.com\/sr\/wp-json\/wp\/v2\/users\/1"}],"replies":[{"embeddable":true,"href":"https:\/\/www.nenasal.com\/sr\/wp-json\/wp\/v2\/comments?post=12145"}],"version-history":[{"count":3,"href":"https:\/\/www.nenasal.com\/sr\/wp-json\/wp\/v2\/pages\/12145\/revisions"}],"predecessor-version":[{"id":12158,"href":"https:\/\/www.nenasal.com\/sr\/wp-json\/wp\/v2\/pages\/12145\/revisions\/12158"}],"wp:attachment":[{"href":"https:\/\/www.nenasal.com\/sr\/wp-json\/wp\/v2\/media?parent=12145"}],"curies":[{"name":"wp","href":"https:\/\/api.w.org\/{rel}","templated":true}]}}