{"id":12160,"date":"2024-04-25T12:30:49","date_gmt":"2024-04-25T12:30:49","guid":{"rendered":"https:\/\/www.nenasal.com\/disclaimer\/"},"modified":"2025-04-03T10:18:41","modified_gmt":"2025-04-03T10:18:41","slug":"disclaimer","status":"publish","type":"page","link":"https:\/\/www.nenasal.com\/sr\/disclaimer\/","title":{"rendered":"Odricanje od odgovornosti"},"content":{"rendered":"\t\t<div data-elementor-type=\"wp-page\" data-elementor-id=\"12160\" class=\"elementor elementor-12160 elementor-5380\" data-elementor-settings=\"{&quot;element_pack_global_tooltip_width&quot;:{&quot;unit&quot;:&quot;px&quot;,&quot;size&quot;:&quot;&quot;,&quot;sizes&quot;:[]},&quot;element_pack_global_tooltip_width_laptop&quot;:{&quot;unit&quot;:&quot;px&quot;,&quot;size&quot;:&quot;&quot;,&quot;sizes&quot;:[]},&quot;element_pack_global_tooltip_width_tablet&quot;:{&quot;unit&quot;:&quot;px&quot;,&quot;size&quot;:&quot;&quot;,&quot;sizes&quot;:[]},&quot;element_pack_global_tooltip_width_mobile&quot;:{&quot;unit&quot;:&quot;px&quot;,&quot;size&quot;:&quot;&quot;,&quot;sizes&quot;:[]},&quot;element_pack_global_tooltip_padding&quot;:{&quot;unit&quot;:&quot;px&quot;,&quot;top&quot;:&quot;&quot;,&quot;right&quot;:&quot;&quot;,&quot;bottom&quot;:&quot;&quot;,&quot;left&quot;:&quot;&quot;,&quot;isLinked&quot;:true},&quot;element_pack_global_tooltip_padding_laptop&quot;:{&quot;unit&quot;:&quot;px&quot;,&quot;top&quot;:&quot;&quot;,&quot;right&quot;:&quot;&quot;,&quot;bottom&quot;:&quot;&quot;,&quot;left&quot;:&quot;&quot;,&quot;isLinked&quot;:true},&quot;element_pack_global_tooltip_padding_tablet&quot;:{&quot;unit&quot;:&quot;px&quot;,&quot;top&quot;:&quot;&quot;,&quot;right&quot;:&quot;&quot;,&quot;bottom&quot;:&quot;&quot;,&quot;left&quot;:&quot;&quot;,&quot;isLinked&quot;:true},&quot;element_pack_global_tooltip_padding_mobile&quot;:{&quot;unit&quot;:&quot;px&quot;,&quot;top&quot;:&quot;&quot;,&quot;right&quot;:&quot;&quot;,&quot;bottom&quot;:&quot;&quot;,&quot;left&quot;:&quot;&quot;,&quot;isLinked&quot;:true},&quot;element_pack_global_tooltip_border_radius&quot;:{&quot;unit&quot;:&quot;px&quot;,&quot;top&quot;:&quot;&quot;,&quot;right&quot;:&quot;&quot;,&quot;bottom&quot;:&quot;&quot;,&quot;left&quot;:&quot;&quot;,&quot;isLinked&quot;:true},&quot;element_pack_global_tooltip_border_radius_laptop&quot;:{&quot;unit&quot;:&quot;px&quot;,&quot;top&quot;:&quot;&quot;,&quot;right&quot;:&quot;&quot;,&quot;bottom&quot;:&quot;&quot;,&quot;left&quot;:&quot;&quot;,&quot;isLinked&quot;:true},&quot;element_pack_global_tooltip_border_radius_tablet&quot;:{&quot;unit&quot;:&quot;px&quot;,&quot;top&quot;:&quot;&quot;,&quot;right&quot;:&quot;&quot;,&quot;bottom&quot;:&quot;&quot;,&quot;left&quot;:&quot;&quot;,&quot;isLinked&quot;:true},&quot;element_pack_global_tooltip_border_radius_mobile&quot;:{&quot;unit&quot;:&quot;px&quot;,&quot;top&quot;:&quot;&quot;,&quot;right&quot;:&quot;&quot;,&quot;bottom&quot;:&quot;&quot;,&quot;left&quot;:&quot;&quot;,&quot;isLinked&quot;:true}}\" data-elementor-post-type=\"page\">\n\t\t\t\t<div class=\"elementor-element elementor-element-dafa912 e-flex e-con-boxed e-con e-parent\" data-id=\"dafa912\" data-element_type=\"container\" data-e-type=\"container\" data-settings=\"{&quot;background_background&quot;:&quot;gradient&quot;}\">\n\t\t\t\t\t<div class=\"e-con-inner\">\n\t\t<div class=\"elementor-element elementor-element-17078f5 e-flex e-con-boxed e-con e-child\" data-id=\"17078f5\" data-element_type=\"container\" data-e-type=\"container\">\n\t\t\t\t\t<div class=\"e-con-inner\">\n\t\t\t\t<div class=\"elementor-element elementor-element-a6bb4ed elementor-headline--style-rotate elementor-widget-tablet__width-inherit animated-title elementor-widget elementor-widget-animated-headline\" data-id=\"a6bb4ed\" data-element_type=\"widget\" data-e-type=\"widget\" data-settings=\"{&quot;headline_style&quot;:&quot;rotate&quot;,&quot;animation_type&quot;:&quot;slide-down&quot;,&quot;rotate_iteration_delay&quot;:1500,&quot;loop&quot;:&quot;yes&quot;}\" data-widget_type=\"animated-headline.default\">\n\t\t\t\t\t\t\t<h1 class=\"elementor-headline elementor-headline-animation-type-slide-down\">\n\t\t\t\t<span class=\"elementor-headline-dynamic-wrapper elementor-headline-text-wrapper\">\n\t\t\t\t<\/span>\n\t\t\t\t<\/h1>\n\t\t\t\t\t\t<\/div>\n\t\t\t\t\t<\/div>\n\t\t\t\t<\/div>\n\t\t\t\t<div class=\"elementor-element elementor-element-f174048 elementor-widget__width-initial elementor-absolute elementor-widget elementor-widget-html\" data-id=\"f174048\" data-element_type=\"widget\" data-e-type=\"widget\" data-settings=\"{&quot;_position&quot;:&quot;absolute&quot;}\" data-widget_type=\"html.default\">\n\t\t\t\t\t<div class=\"nenasal-circle-animation small white\">\n    <div class=\"nenasal-circle-animation-outline first\"><\/div>\n    <div class=\"nenasal-circle-animation-outline second\"><\/div>\n    <div class=\"nenasal-circle-animation-outline third\"><\/div>\n<\/div>\t\t\t\t<\/div>\n\t\t\t\t\t<\/div>\n\t\t\t\t<\/div>\n\t\t<div class=\"elementor-element elementor-element-732786c7 e-flex e-con-boxed e-con e-parent\" data-id=\"732786c7\" data-element_type=\"container\" data-e-type=\"container\">\n\t\t\t\t\t<div class=\"e-con-inner\">\n\t\t\t\t<div class=\"elementor-element elementor-element-4658ca23 elementor-widget elementor-widget-shortcode\" data-id=\"4658ca23\" data-element_type=\"widget\" data-e-type=\"widget\" data-widget_type=\"shortcode.default\">\n\t\t\t\t\t\t\t<div class=\"elementor-shortcode\">\n<!-- Legal document generated by Complianz | GDPR\/CCPA Cookie Consent https:\/\/wordpress.org\/plugins\/complianz-gdpr -->\n<div id=\"cmplz-document\" class=\"cmplz-document disclaimer cmplz-document-all\"><p>NENASAL LLC garantuje da \u0107e ova web stranica biti a\u017eurirana i ta\u010dna. Ako ipak primjetite i\u0161ta \u0161to je neta\u010dno ili zastarjelo, cijenili bismo da nam date do znanja. Molimo da nazna\u010dite gdje na web stranici ste primjetili tu informaciju. Mi \u0107emo to pogledati \u0161to je prije mogu\u0107e. Molimo, po\u0161aljite svoj odgovor putem emaila na: <span class=\"cmplz-obfuscate\">o&#102;&#102;&#105;ce@<span class=\"cmplz-fmail-domain\">ex&#046;com<\/span>&#110;enasal.&#099;om<\/span>.<\/p><p>Mi ne snosimo odgovornosti za gubitak kao rezultat neta\u010dnosti ili nepotpunosti, niti za gubitak koji je posljedica problema uzrokovanih ili inherentnih za rasipanje informacija putem interneta, kao \u0161to su prekidi. Kada koristite web obrasce, nastojimo ograni\u010diti broj potrebnih polja na minimum. Za svaki gubitak pretrpljen kao rezultat upotrebe podataka, savjeta ili ideja koje pru\u017ea ili u ime NENASAL LLC putem ove web stranice, NENASAL LLC ne prihvata nikakvu odgovornost.<\/p><p>Odgovori i istrage o privatnosti koje se podnose e-po\u0161tom ili kori\u0161tenjem web obrasca tretira\u0107e se na isti na\u010din kao i pisma. To zna\u010di da mo\u017eete o\u010dekivati odgovor od nas najkasnije u roku od jednog mjeseca. U slu\u010daju slo\u017eenih zahtjeva, javi\u0107emo Vam u roku od jednog mjeseca ako nam zatreba najvi\u0161e tri mjeseca.<\/p><p>Svi li\u010dni podaci koje nam date u kontekstu Va\u0161eg odgovora ili zahtjeva za informacijama bi\u0107e kori\u0161teni samo u skladu sa na\u0161om izjavom o privatnosti.<\/p><p>NENASAL LLC ula\u017ee sve razumne napore da za\u0161titi svoj sistem od bilo kojih oblika nezakonite upotrebe. NENASAL LLC provodi odgovaraju\u0107e tehni\u010dke i organziacione mjere u tom cilju, uzimaju\u0107i u obzir, izme\u0111u ostalog, status umjetnosti. Me\u0111utim, ne snosi nikakve gubitke, direktne i\/ili indirektne, koje je pretrpio korisnik web stranice, a koji su posljedica neovla\u0161tene upotrebe sistema od tre\u0107e strane.<\/p><p>NENASAL LLC ne prihvata nikakvu odgovornost za sadr\u017eaj web stranica na koje ili sa kojih je napravljen hyprelink ili druge reference. Proizvodi ili usluge koje nude tre\u0107e strane podlije\u017eu primjenjivim uslovima i uslovima tih tre\u0107ih strana.<\/p><p>Sva prava intelektualnog vlasni\u0161tva na sadr\u017eaje na ovoj web stranici su stavljena u NENASAL LLC.<\/p><p>Kopiranje, diseminacija i bilo koje drugo kori\u0161tenje ovih materijala nije dozvoljeno bez pismenog dopu\u0161tenja od NENASAL LLC, osim i samo u onom slu\u010daju ukoliko je druga\u010dije odre\u0111eno propisima obaveznog prava (kao \u0161to je pravo na citiranje), osim ako specifi\u010dni sadr\u017eaj ne nala\u017ee druga\u010dije.<\/p><p>Ako imate bilo kakva pitanja ili probleme sa pristupa\u010dnosti web stranice, molimo ne ustru\u010davajte se da nas kontaktirate.<\/p><\/div><\/div>\n\t\t\t\t\t\t<\/div>\n\t\t\t\t\t<\/div>\n\t\t\t\t<\/div>\n\t\t\t\t<\/div>\n\t\t","protected":false},"excerpt":{"rendered":"","protected":false},"author":1,"featured_media":0,"parent":0,"menu_order":0,"comment_status":"closed","ping_status":"closed","template":"","meta":{"_acf_changed":false,"content-type":"","footnotes":""},"class_list":["post-12160","page","type-page","status-publish","hentry"],"acf":[],"_links":{"self":[{"href":"https:\/\/www.nenasal.com\/sr\/wp-json\/wp\/v2\/pages\/12160","targetHints":{"allow":["GET"]}}],"collection":[{"href":"https:\/\/www.nenasal.com\/sr\/wp-json\/wp\/v2\/pages"}],"about":[{"href":"https:\/\/www.nenasal.com\/sr\/wp-json\/wp\/v2\/types\/page"}],"author":[{"embeddable":true,"href":"https:\/\/www.nenasal.com\/sr\/wp-json\/wp\/v2\/users\/1"}],"replies":[{"embeddable":true,"href":"https:\/\/www.nenasal.com\/sr\/wp-json\/wp\/v2\/comments?post=12160"}],"version-history":[{"count":4,"href":"https:\/\/www.nenasal.com\/sr\/wp-json\/wp\/v2\/pages\/12160\/revisions"}],"predecessor-version":[{"id":13450,"href":"https:\/\/www.nenasal.com\/sr\/wp-json\/wp\/v2\/pages\/12160\/revisions\/13450"}],"wp:attachment":[{"href":"https:\/\/www.nenasal.com\/sr\/wp-json\/wp\/v2\/media?parent=12160"}],"curies":[{"name":"wp","href":"https:\/\/api.w.org\/{rel}","templated":true}]}}